{"id":1903,"date":"2015-02-11T11:44:59","date_gmt":"2015-02-11T10:44:59","guid":{"rendered":"http:\/\/nikonclassics-michalke.de\/blog\/?page_id=1903"},"modified":"2015-02-11T11:48:44","modified_gmt":"2015-02-11T10:48:44","slug":"objektive-fuer-kameras-der-gruppe-4","status":"publish","type":"page","link":"https:\/\/nikonclassics-michalke.de\/blog\/?page_id=1903","title":{"rendered":"Objektive f\u00fcr Kameras der Gruppe 4"},"content":{"rendered":"<div class=\"fcbkbttn_buttons_block\" id=\"fcbkbttn_left\"><div class=\"fcbkbttn_like \"><fb:like href=\"https:\/\/nikonclassics-michalke.de\/blog\/?page_id=1903\" action=\"like\" colorscheme=\"light\" layout=\"standard\" show-faces='false' width=\"450px\" size=\"small\"><\/fb:like><\/div><div class=\"fb-share-button  \" data-href=\"https:\/\/nikonclassics-michalke.de\/blog\/?page_id=1903\" data-type=\"button_count\" data-size=\"small\"><\/div><\/div><p><span style=\"color: #333333;\">An die Kameras\u00a0\u00a0Gruppe 4\u00a0(bisher nur die Nikon Df<\/span>)<span style=\"color: #333333;\">\u00a0passen alle\u00a0<strong>manuellen Objektive, <\/strong>also sowohl\u00a0<strong>&#8222;AI&#8220;<\/strong>\u00a0und\u00a0<strong>&#8222;AIS&#8220;-Nikkore, <\/strong>als auch die alten<strong> non-AI-Nikkore.<\/strong><\/span><\/p>\n<p><span style=\"color: #333333;\"><a href=\"https:\/\/nikonclassics-michalke.de\/blog\/wp-content\/uploads\/2015\/02\/Df_Compatibility_with_Non-AI_Lenses_1_E-e0f9031a88ad04a7.jpeg\"><img loading=\"lazy\" decoding=\"async\" class=\"alignleft size-medium wp-image-1905\" src=\"https:\/\/nikonclassics-michalke.de\/blog\/wp-content\/uploads\/2015\/02\/Df_Compatibility_with_Non-AI_Lenses_1_E-e0f9031a88ad04a7-300x225.jpeg\" alt=\"Df_Compatibility_with_Non-AI_Lenses_1_E-e0f9031a88ad04a7\" width=\"300\" height=\"225\" srcset=\"https:\/\/nikonclassics-michalke.de\/blog\/wp-content\/uploads\/2015\/02\/Df_Compatibility_with_Non-AI_Lenses_1_E-e0f9031a88ad04a7-300x225.jpeg 300w, https:\/\/nikonclassics-michalke.de\/blog\/wp-content\/uploads\/2015\/02\/Df_Compatibility_with_Non-AI_Lenses_1_E-e0f9031a88ad04a7.jpeg 640w\" sizes=\"auto, (max-width: 300px) 100vw, 300px\" \/><\/a>Damit\u00a0ist hier sowohl Zeitautomatik als auch manuelle Innenmessung und sogar Matrixmessung m\u00f6glich. Auch die TTL-Blitzmessung funktioniert damit. Ausserdem k\u00f6nnen in den Kameraeinstellungen im Men\u00fcpunkt \u201cObjektivdaten\u201d diese einmal eingegeben werden, dann wird im Sucher der eingestellte Blendendenwert angezeigt.\u00a0Auch in den EXIF-Daten der Bilder werden dann Brennweite, Lichtst\u00e4rke und eingestellte Blende gespeichert. Mehrere verschiedene Objektive k\u00f6nnen abgespeichert werden, so dass beim Ansetzen nur die Objekivnummer abgerufen werden muss. Bei den\u00a0<strong>non-Ai-Objektiven<\/strong>\u00a0wird die AI-Kupplung am\u00a0Objektivbajonett eingeklappt. Der am Objektiv eingestellte Blendenwert muss\u00a0ebenfalls am W\u00e4hlrad der Kamera \u00a0eingestellt werden. So ist auch mit\u00a0diesen Objektiven eine Belichtungsmessung und Zeitautomatik m\u00f6glich.<\/span><\/p>\n<p><span style=\"color: #333333;\">Ausserdem lassen sich nat\u00fcrlich\u00a0<\/span><strong>Autofokusobjektive<\/strong><span style=\"color: #333333;\">\u00a0aller Baureihen mit vollem Funktionsumfang verwenden.<\/span><\/p>\n<div id=\"attachment_1884\" style=\"width: 810px\" class=\"wp-caption alignright\"><a href=\"https:\/\/nikonclassics-michalke.de\/blog\/wp-content\/uploads\/2015\/02\/DSC_3983.jpg\"><img loading=\"lazy\" decoding=\"async\" aria-describedby=\"caption-attachment-1884\" class=\"wp-image-1884 size-full\" src=\"https:\/\/nikonclassics-michalke.de\/blog\/wp-content\/uploads\/2015\/02\/DSC_3983.jpg\" alt=\"Nikkor-Baureihen non-AI, AI, AF, AF-S\" width=\"800\" height=\"399\" srcset=\"https:\/\/nikonclassics-michalke.de\/blog\/wp-content\/uploads\/2015\/02\/DSC_3983.jpg 800w, https:\/\/nikonclassics-michalke.de\/blog\/wp-content\/uploads\/2015\/02\/DSC_3983-300x149.jpg 300w\" sizes=\"auto, (max-width: 800px) 100vw, 800px\" \/><\/a><p id=\"caption-attachment-1884\" class=\"wp-caption-text\">Nikkor-Baureihen non-AI, AI, AF, AF-S<\/p><\/div>\n<p>&nbsp;<\/p>\n","protected":false},"excerpt":{"rendered":"<p>An die Kameras\u00a0\u00a0Gruppe 4\u00a0(bisher nur die Nikon Df)\u00a0passen alle\u00a0manuellen Objektive, also sowohl\u00a0&#8222;AI&#8220;\u00a0und\u00a0&#8222;AIS&#8220;-Nikkore, als auch die alten non-AI-Nikkore. Damit\u00a0ist hier sowohl Zeitautomatik als auch manuelle Innenmessung und sogar Matrixmessung m\u00f6glich. Auch die TTL-Blitzmessung funktioniert damit. Ausserdem k\u00f6nnen in den Kameraeinstellungen im Men\u00fcpunkt \u201cObjektivdaten\u201d diese einmal eingegeben werden, dann wird im Sucher der eingestellte Blendendenwert angezeigt.\u00a0Auch in [&hellip;]<\/p>\n","protected":false},"author":1,"featured_media":0,"parent":0,"menu_order":0,"comment_status":"open","ping_status":"open","template":"","meta":{"footnotes":""},"class_list":["post-1903","page","type-page","status-publish","hentry"],"_links":{"self":[{"href":"https:\/\/nikonclassics-michalke.de\/blog\/index.php?rest_route=\/wp\/v2\/pages\/1903","targetHints":{"allow":["GET"]}}],"collection":[{"href":"https:\/\/nikonclassics-michalke.de\/blog\/index.php?rest_route=\/wp\/v2\/pages"}],"about":[{"href":"https:\/\/nikonclassics-michalke.de\/blog\/index.php?rest_route=\/wp\/v2\/types\/page"}],"author":[{"embeddable":true,"href":"https:\/\/nikonclassics-michalke.de\/blog\/index.php?rest_route=\/wp\/v2\/users\/1"}],"replies":[{"embeddable":true,"href":"https:\/\/nikonclassics-michalke.de\/blog\/index.php?rest_route=%2Fwp%2Fv2%2Fcomments&post=1903"}],"version-history":[{"count":3,"href":"https:\/\/nikonclassics-michalke.de\/blog\/index.php?rest_route=\/wp\/v2\/pages\/1903\/revisions"}],"predecessor-version":[{"id":1907,"href":"https:\/\/nikonclassics-michalke.de\/blog\/index.php?rest_route=\/wp\/v2\/pages\/1903\/revisions\/1907"}],"wp:attachment":[{"href":"https:\/\/nikonclassics-michalke.de\/blog\/index.php?rest_route=%2Fwp%2Fv2%2Fmedia&parent=1903"}],"curies":[{"name":"wp","href":"https:\/\/api.w.org\/{rel}","templated":true}]}}