{"id":1738,"date":"2015-02-11T11:20:55","date_gmt":"2015-02-11T10:20:55","guid":{"rendered":"http:\/\/nikonclassics-michalke.de\/blog\/?page_id=1738"},"modified":"2018-07-30T16:45:07","modified_gmt":"2018-07-30T15:45:07","slug":"objektive-fuer-kameras-der-gruppe-2","status":"publish","type":"page","link":"https:\/\/nikonclassics-michalke.de\/blog\/?page_id=1738","title":{"rendered":"Objektive f\u00fcr Kameras der Gruppe 2"},"content":{"rendered":"<div class=\"fcbkbttn_buttons_block\" id=\"fcbkbttn_left\"><div class=\"fcbkbttn_like \"><fb:like href=\"https:\/\/nikonclassics-michalke.de\/blog\/?page_id=1738\" action=\"like\" colorscheme=\"light\" layout=\"standard\" show-faces='false' width=\"450px\" size=\"small\"><\/fb:like><\/div><div class=\"fb-share-button  \" data-href=\"https:\/\/nikonclassics-michalke.de\/blog\/?page_id=1738\" data-type=\"button_count\" data-size=\"small\"><\/div><\/div><p><span style=\"color: #333333;\">Mit diesen Kameras k\u00f6nnen\u00a0<strong>AI- und AIS-<\/strong><\/span><span style=\"color: #333333;\">Objektive verwendet werden.\u00a0Allerdings \u00a0mit einer wichtigen Einschr\u00e4nkung:\u00a0<\/span>\u00a0es ist\u00a0<strong>keine\u00a0interne Belichtungsmessung\u00a0<\/strong>m\u00f6glich. Deshalb gibt es\u00a0auch keine Progamm- Zeit- oder Blendenautomatik.\u00a0<span style=\"color: #333333;\">Die richtige Belichtungseinstellung muss durch einen separaten Belichtungsmesser oder einfaches Ausprobieren ermittelt werden.\u00a0<strong>Non-AI<\/strong>-Linsen sollten jedoch nicht montiert werden, da deren breiter Blendenring an den F\u00fchlhebel am Bajonett st\u00f6sst.<\/span><\/p>\n<p><span style=\"color: #333333;\">Ausserdem lassen sich nat\u00fcrlich\u00a0<strong>Autofokusobjektive<\/strong>\u00a0aller Baureihen mit vollem Funktionsumfang verwenden, auch\u00a0die\u00a0<strong>&#8222;DX&#8220;<\/strong>-Objektive f\u00fcr Kameras mit APS-C-Sensor.<\/span> Zur Gruppe 2\u00a0geh\u00f6ren die Nikon D7500, D100, D90, D70\/s und D50 sowie die Fuji S1, S2, S3 und die Kodak Pro 14n.<\/p>\n<div id=\"attachment_1883\" style=\"width: 810px\" class=\"wp-caption alignright\"><a href=\"https:\/\/nikonclassics-michalke.de\/blog\/wp-content\/uploads\/2015\/02\/DSC_3985.jpg\"><img loading=\"lazy\" decoding=\"async\" aria-describedby=\"caption-attachment-1883\" class=\"size-full wp-image-1883\" src=\"https:\/\/nikonclassics-michalke.de\/blog\/wp-content\/uploads\/2015\/02\/DSC_3985.jpg\" alt=\"Nikkor Baureihen AI, AF, AF-S\" width=\"800\" height=\"479\" srcset=\"https:\/\/nikonclassics-michalke.de\/blog\/wp-content\/uploads\/2015\/02\/DSC_3985.jpg 800w, https:\/\/nikonclassics-michalke.de\/blog\/wp-content\/uploads\/2015\/02\/DSC_3985-300x179.jpg 300w\" sizes=\"auto, (max-width: 800px) 100vw, 800px\" \/><\/a><p id=\"caption-attachment-1883\" class=\"wp-caption-text\">Nikkor Baureihen AI, AF, AF-S<\/p><\/div>\n<p><span style=\"color: #333333;\">\u00a0<\/span><\/p>\n","protected":false},"excerpt":{"rendered":"<p>Mit diesen Kameras k\u00f6nnen\u00a0AI- und AIS-Objektive verwendet werden.\u00a0Allerdings \u00a0mit einer wichtigen Einschr\u00e4nkung:\u00a0\u00a0es ist\u00a0keine\u00a0interne Belichtungsmessung\u00a0m\u00f6glich. Deshalb gibt es\u00a0auch keine Progamm- Zeit- oder Blendenautomatik.\u00a0Die richtige Belichtungseinstellung muss durch einen separaten Belichtungsmesser oder einfaches Ausprobieren ermittelt werden.\u00a0Non-AI-Linsen sollten jedoch nicht montiert werden, da deren breiter Blendenring an den F\u00fchlhebel am Bajonett st\u00f6sst. Ausserdem lassen sich nat\u00fcrlich\u00a0Autofokusobjektive\u00a0aller Baureihen mit [&hellip;]<\/p>\n","protected":false},"author":1,"featured_media":0,"parent":0,"menu_order":0,"comment_status":"open","ping_status":"open","template":"","meta":{"footnotes":""},"class_list":["post-1738","page","type-page","status-publish","hentry"],"_links":{"self":[{"href":"https:\/\/nikonclassics-michalke.de\/blog\/index.php?rest_route=\/wp\/v2\/pages\/1738","targetHints":{"allow":["GET"]}}],"collection":[{"href":"https:\/\/nikonclassics-michalke.de\/blog\/index.php?rest_route=\/wp\/v2\/pages"}],"about":[{"href":"https:\/\/nikonclassics-michalke.de\/blog\/index.php?rest_route=\/wp\/v2\/types\/page"}],"author":[{"embeddable":true,"href":"https:\/\/nikonclassics-michalke.de\/blog\/index.php?rest_route=\/wp\/v2\/users\/1"}],"replies":[{"embeddable":true,"href":"https:\/\/nikonclassics-michalke.de\/blog\/index.php?rest_route=%2Fwp%2Fv2%2Fcomments&post=1738"}],"version-history":[{"count":11,"href":"https:\/\/nikonclassics-michalke.de\/blog\/index.php?rest_route=\/wp\/v2\/pages\/1738\/revisions"}],"predecessor-version":[{"id":3252,"href":"https:\/\/nikonclassics-michalke.de\/blog\/index.php?rest_route=\/wp\/v2\/pages\/1738\/revisions\/3252"}],"wp:attachment":[{"href":"https:\/\/nikonclassics-michalke.de\/blog\/index.php?rest_route=%2Fwp%2Fv2%2Fmedia&parent=1738"}],"curies":[{"name":"wp","href":"https:\/\/api.w.org\/{rel}","templated":true}]}}